{"id":8149,"date":"2024-11-25T00:01:18","date_gmt":"2024-11-24T22:01:18","guid":{"rendered":"https:\/\/24-7chiptuningtools.com\/product\/magic-motorsport-configurador-flex-kit-completo-hw-para-nuevos-usuarios-esclavo-ixi"},"modified":"2025-05-27T16:28:38","modified_gmt":"2025-05-27T14:28:38","slug":"magic-motorsport-configurador-flex-kit-completo-hw-para-nuevos-usuarios-esclavo-ixi","status":"publish","type":"product","link":"https:\/\/24-7chiptuningtools.com\/es\/product\/magic-motorsport-configurador-flex-kit-completo-hw-para-nuevos-usuarios-esclavo-ixi","title":{"rendered":"Magic Motorsport Configurador Flex Kit completo HW para nuevos usuarios &#8211; Esclavo + IXI"},"content":{"rendered":"<p>\n  Utiliza tu kit Magic Motorsport Flex configurador Full HW <span class=\"rcolor1\" data-name=\"to easily|to simply\">para sintonizar, reprogramar, actualizar o modificar de forma sencilla<\/span> el software de tu veh\u00edculo. Se puede acceder a la mayor\u00eda de las unidades de control directamente a trav\u00e9s de la toma OBD del veh\u00edculo. <span class=\"rcolor2\" data-name=\"an internet|an online|a web\">Una<\/span> conexi\u00f3n online te da acceso <span class=\"rcolor3\" data-name=\"to all|to all or any|to any or all\">a todo o parte<\/span> del potencial que te ofrece la herramienta.\n<\/p>\n<p>\n  Para trabajos avanzados y de reparaci\u00f3n, utiliza el m\u00f3dulo Flexbox para programar tu unidad de control en los modos BDM, Bootloader, JTAG y AUD. El dispositivo detecta posibles errores de conexi\u00f3n o comunicaci\u00f3n <span class=\"rcolor4\" data-name=\"thanks to|because of|due to\">gracias<\/span> a su dise\u00f1o de \u00faltima generaci\u00f3n.\n<\/p>\n<p>\n  *El paquete de protocolos OBD <span class=\"rcolor5\" data-name=\"will be|are going to be|are\">se<\/span> publicar\u00e1 <span class=\"rcolor6\" data-name=\"in the|within the\">en<\/span> el futuro.\n<\/p>\n<p>\n  El kit Magic Motorsport Flex configurador Full HW contiene todo el hardware y los accesorios necesarios para empezar a leer y escribir de inmediato. Puedes encontrar la lista completa de veh\u00edculos <a href=\"https:\/\/www.magicmotorsport.com\/flex\/vehicle-and-services-list\/\">aqu\u00ed<\/a>.\n<\/p>\n<p>\n  El intermitente personal IXI de Magic Motorsport es una herramienta intuitiva y f\u00e1cil de usar, dise\u00f1ada para ofrecer a los conductores un control total sobre el rendimiento de su veh\u00edculo. Con IXI, puedes aplicar f\u00e1cilmente mapas de ajuste personalizados, cambiar entre etapas de potencia y optimizar las capacidades de tu coche directamente desde tu smartphone u ordenador.\n<\/p>\n<p>\n  Ideal para los entusiastas que quieren modificar y perfeccionar el rendimiento de su veh\u00edculo sin acudir a un taller, IXI proporciona una soluci\u00f3n \u00e1gil y segura para realizar ajustes personales que aumentan la potencia, mejoran la eficiencia del combustible y liberan el potencial oculto.<\/p>\n","protected":false},"excerpt":{"rendered":"<p>Utiliza tu kit Magic Motorsport Flex configurador Full HW para sintonizar, reprogramar, actualizar o modificar de forma sencilla el software de tu veh\u00edculo. Se puede<a class=\"moretag\" href=\"https:\/\/24-7chiptuningtools.com\/es\/product\/magic-motorsport-configurador-flex-kit-completo-hw-para-nuevos-usuarios-esclavo-ixi\"> &#8230;<\/a><\/p>\n","protected":false},"featured_media":6936,"template":"","meta":{"_acf_changed":false},"product_brand":[139],"product_cat":[166,152,160],"product_tag":[],"class_list":{"0":"post-8149","1":"product","2":"type-product","3":"status-publish","4":"has-post-thumbnail","6":"product_brand-magic-motorsport","7":"product_cat-esclavo","8":"product_cat-los-mas-vendidos","9":"product_cat-paquetes","10":"pa_brand-magic-motorsport","12":"first","13":"instock","14":"taxable","15":"shipping-taxable","16":"purchasable","17":"product-type-simple"},"acf":[],"yoast_head":"<!-- This site is optimized with the Yoast SEO plugin v25.3.1 - https:\/\/yoast.com\/wordpress\/plugins\/seo\/ -->\n<title>Magic Motorsport Flex configurador kit completo HW - 24-7chiptuningtools<\/title>\n<meta name=\"description\" content=\"Utiliza tu kit Magic Motorsport Flex configurador Full HW para sintonizar, reprogramar, actualizar o modificar de forma sencilla el software de tu veh\u00edculo.\" \/>\n<meta name=\"robots\" content=\"index, follow, max-snippet:-1, max-image-preview:large, max-video-preview:-1\" \/>\n<link rel=\"canonical\" href=\"https:\/\/24-7chiptuningtools.com\/es\/product\/magic-motorsport-configurador-flex-kit-completo-hw-para-nuevos-usuarios-esclavo-ixi\" \/>\n<meta property=\"og:locale\" content=\"es_ES\" \/>\n<meta property=\"og:type\" content=\"article\" \/>\n<meta property=\"og:title\" content=\"Magic Motorsport Flex configurador kit completo HW - 24-7chiptuningtools\" \/>\n<meta property=\"og:description\" content=\"Utiliza tu kit Magic Motorsport Flex configurador Full HW para sintonizar, reprogramar, actualizar o modificar de forma sencilla el software de tu veh\u00edculo.\" \/>\n<meta property=\"og:url\" content=\"https:\/\/24-7chiptuningtools.com\/es\/product\/magic-motorsport-configurador-flex-kit-completo-hw-para-nuevos-usuarios-esclavo-ixi\" \/>\n<meta property=\"og:site_name\" content=\"24-7chiptuningtools\" \/>\n<meta property=\"article:modified_time\" content=\"2025-05-27T14:28:38+00:00\" \/>\n<meta property=\"og:image\" content=\"https:\/\/24-7chiptuningtools.com\/wp-content\/uploads\/2024\/11\/Middel-8@3x.png\" \/>\n\t<meta property=\"og:image:width\" content=\"3256\" \/>\n\t<meta property=\"og:image:height\" content=\"3127\" \/>\n\t<meta property=\"og:image:type\" content=\"image\/png\" \/>\n<meta name=\"twitter:card\" content=\"summary_large_image\" \/>\n<meta name=\"twitter:label1\" content=\"Tiempo de lectura\" \/>\n\t<meta name=\"twitter:data1\" content=\"1 minuto\" \/>\n<script type=\"application\/ld+json\" class=\"yoast-schema-graph\">{\"@context\":\"https:\/\/schema.org\",\"@graph\":[{\"@type\":\"WebPage\",\"@id\":\"https:\/\/24-7chiptuningtools.com\/es\/product\/magic-motorsport-configurador-flex-kit-completo-hw-para-nuevos-usuarios-esclavo-ixi\",\"url\":\"https:\/\/24-7chiptuningtools.com\/es\/product\/magic-motorsport-configurador-flex-kit-completo-hw-para-nuevos-usuarios-esclavo-ixi\",\"name\":\"Magic Motorsport Flex configurador kit completo HW - 24-7chiptuningtools\",\"isPartOf\":{\"@id\":\"https:\/\/24-7chiptuningtools.com\/es#website\"},\"primaryImageOfPage\":{\"@id\":\"https:\/\/24-7chiptuningtools.com\/es\/product\/magic-motorsport-configurador-flex-kit-completo-hw-para-nuevos-usuarios-esclavo-ixi#primaryimage\"},\"image\":{\"@id\":\"https:\/\/24-7chiptuningtools.com\/es\/product\/magic-motorsport-configurador-flex-kit-completo-hw-para-nuevos-usuarios-esclavo-ixi#primaryimage\"},\"thumbnailUrl\":\"https:\/\/24-7chiptuningtools.com\/wp-content\/uploads\/2024\/11\/Middel-8@3x.png\",\"datePublished\":\"2024-11-24T22:01:18+00:00\",\"dateModified\":\"2025-05-27T14:28:38+00:00\",\"description\":\"Utiliza tu kit Magic Motorsport Flex configurador Full HW para sintonizar, reprogramar, actualizar o modificar de forma sencilla el software de tu veh\u00edculo.\",\"breadcrumb\":{\"@id\":\"https:\/\/24-7chiptuningtools.com\/es\/product\/magic-motorsport-configurador-flex-kit-completo-hw-para-nuevos-usuarios-esclavo-ixi#breadcrumb\"},\"inLanguage\":\"es\",\"potentialAction\":[{\"@type\":\"ReadAction\",\"target\":[\"https:\/\/24-7chiptuningtools.com\/es\/product\/magic-motorsport-configurador-flex-kit-completo-hw-para-nuevos-usuarios-esclavo-ixi\"]}]},{\"@type\":\"ImageObject\",\"inLanguage\":\"es\",\"@id\":\"https:\/\/24-7chiptuningtools.com\/es\/product\/magic-motorsport-configurador-flex-kit-completo-hw-para-nuevos-usuarios-esclavo-ixi#primaryimage\",\"url\":\"https:\/\/24-7chiptuningtools.com\/wp-content\/uploads\/2024\/11\/Middel-8@3x.png\",\"contentUrl\":\"https:\/\/24-7chiptuningtools.com\/wp-content\/uploads\/2024\/11\/Middel-8@3x.png\",\"width\":3256,\"height\":3127},{\"@type\":\"BreadcrumbList\",\"@id\":\"https:\/\/24-7chiptuningtools.com\/es\/product\/magic-motorsport-configurador-flex-kit-completo-hw-para-nuevos-usuarios-esclavo-ixi#breadcrumb\",\"itemListElement\":[{\"@type\":\"ListItem\",\"position\":1,\"name\":\"Home\",\"item\":\"https:\/\/24-7chiptuningtools.com\/es\"},{\"@type\":\"ListItem\",\"position\":2,\"name\":\"Tienda\",\"item\":\"https:\/\/24-7chiptuningtools.com\/es\/tienda\"},{\"@type\":\"ListItem\",\"position\":3,\"name\":\"Magic Motorsport Configurador Flex Kit completo HW para nuevos usuarios &#8211; Esclavo + IXI\"}]},{\"@type\":\"WebSite\",\"@id\":\"https:\/\/24-7chiptuningtools.com\/es#website\",\"url\":\"https:\/\/24-7chiptuningtools.com\/es\",\"name\":\"24-7chiptuningtools\",\"description\":\"Tuning tools for almost all engines and cars\",\"publisher\":{\"@id\":\"https:\/\/24-7chiptuningtools.com\/es#organization\"},\"potentialAction\":[{\"@type\":\"SearchAction\",\"target\":{\"@type\":\"EntryPoint\",\"urlTemplate\":\"https:\/\/24-7chiptuningtools.com\/es?s={search_term_string}\"},\"query-input\":{\"@type\":\"PropertyValueSpecification\",\"valueRequired\":true,\"valueName\":\"search_term_string\"}}],\"inLanguage\":\"es\"},{\"@type\":\"Organization\",\"@id\":\"https:\/\/24-7chiptuningtools.com\/es#organization\",\"name\":\"24-7chiptuningtools\",\"url\":\"https:\/\/24-7chiptuningtools.com\/es\",\"logo\":{\"@type\":\"ImageObject\",\"inLanguage\":\"es\",\"@id\":\"https:\/\/24-7chiptuningtools.com\/es#\/schema\/logo\/image\/\",\"url\":\"https:\/\/24-7chiptuningtools.com\/wp-content\/uploads\/2020\/10\/7_LOGO_CMYK-1.png\",\"contentUrl\":\"https:\/\/24-7chiptuningtools.com\/wp-content\/uploads\/2020\/10\/7_LOGO_CMYK-1.png\",\"width\":1041,\"height\":469,\"caption\":\"24-7chiptuningtools\"},\"image\":{\"@id\":\"https:\/\/24-7chiptuningtools.com\/es#\/schema\/logo\/image\/\"}}]}<\/script>\n<!-- \/ Yoast SEO plugin. -->","yoast_head_json":{"title":"Magic Motorsport Flex configurador kit completo HW - 24-7chiptuningtools","description":"Utiliza tu kit Magic Motorsport Flex configurador Full HW para sintonizar, reprogramar, actualizar o modificar de forma sencilla el software de tu veh\u00edculo.","robots":{"index":"index","follow":"follow","max-snippet":"max-snippet:-1","max-image-preview":"max-image-preview:large","max-video-preview":"max-video-preview:-1"},"canonical":"https:\/\/24-7chiptuningtools.com\/es\/product\/magic-motorsport-configurador-flex-kit-completo-hw-para-nuevos-usuarios-esclavo-ixi","og_locale":"es_ES","og_type":"article","og_title":"Magic Motorsport Flex configurador kit completo HW - 24-7chiptuningtools","og_description":"Utiliza tu kit Magic Motorsport Flex configurador Full HW para sintonizar, reprogramar, actualizar o modificar de forma sencilla el software de tu veh\u00edculo.","og_url":"https:\/\/24-7chiptuningtools.com\/es\/product\/magic-motorsport-configurador-flex-kit-completo-hw-para-nuevos-usuarios-esclavo-ixi","og_site_name":"24-7chiptuningtools","article_modified_time":"2025-05-27T14:28:38+00:00","og_image":[{"width":3256,"height":3127,"url":"https:\/\/24-7chiptuningtools.com\/wp-content\/uploads\/2024\/11\/Middel-8@3x.png","type":"image\/png"}],"twitter_card":"summary_large_image","twitter_misc":{"Tiempo de lectura":"1 minuto"},"schema":{"@context":"https:\/\/schema.org","@graph":[{"@type":"WebPage","@id":"https:\/\/24-7chiptuningtools.com\/es\/product\/magic-motorsport-configurador-flex-kit-completo-hw-para-nuevos-usuarios-esclavo-ixi","url":"https:\/\/24-7chiptuningtools.com\/es\/product\/magic-motorsport-configurador-flex-kit-completo-hw-para-nuevos-usuarios-esclavo-ixi","name":"Magic Motorsport Flex configurador kit completo HW - 24-7chiptuningtools","isPartOf":{"@id":"https:\/\/24-7chiptuningtools.com\/es#website"},"primaryImageOfPage":{"@id":"https:\/\/24-7chiptuningtools.com\/es\/product\/magic-motorsport-configurador-flex-kit-completo-hw-para-nuevos-usuarios-esclavo-ixi#primaryimage"},"image":{"@id":"https:\/\/24-7chiptuningtools.com\/es\/product\/magic-motorsport-configurador-flex-kit-completo-hw-para-nuevos-usuarios-esclavo-ixi#primaryimage"},"thumbnailUrl":"https:\/\/24-7chiptuningtools.com\/wp-content\/uploads\/2024\/11\/Middel-8@3x.png","datePublished":"2024-11-24T22:01:18+00:00","dateModified":"2025-05-27T14:28:38+00:00","description":"Utiliza tu kit Magic Motorsport Flex configurador Full HW para sintonizar, reprogramar, actualizar o modificar de forma sencilla el software de tu veh\u00edculo.","breadcrumb":{"@id":"https:\/\/24-7chiptuningtools.com\/es\/product\/magic-motorsport-configurador-flex-kit-completo-hw-para-nuevos-usuarios-esclavo-ixi#breadcrumb"},"inLanguage":"es","potentialAction":[{"@type":"ReadAction","target":["https:\/\/24-7chiptuningtools.com\/es\/product\/magic-motorsport-configurador-flex-kit-completo-hw-para-nuevos-usuarios-esclavo-ixi"]}]},{"@type":"ImageObject","inLanguage":"es","@id":"https:\/\/24-7chiptuningtools.com\/es\/product\/magic-motorsport-configurador-flex-kit-completo-hw-para-nuevos-usuarios-esclavo-ixi#primaryimage","url":"https:\/\/24-7chiptuningtools.com\/wp-content\/uploads\/2024\/11\/Middel-8@3x.png","contentUrl":"https:\/\/24-7chiptuningtools.com\/wp-content\/uploads\/2024\/11\/Middel-8@3x.png","width":3256,"height":3127},{"@type":"BreadcrumbList","@id":"https:\/\/24-7chiptuningtools.com\/es\/product\/magic-motorsport-configurador-flex-kit-completo-hw-para-nuevos-usuarios-esclavo-ixi#breadcrumb","itemListElement":[{"@type":"ListItem","position":1,"name":"Home","item":"https:\/\/24-7chiptuningtools.com\/es"},{"@type":"ListItem","position":2,"name":"Tienda","item":"https:\/\/24-7chiptuningtools.com\/es\/tienda"},{"@type":"ListItem","position":3,"name":"Magic Motorsport Configurador Flex Kit completo HW para nuevos usuarios &#8211; Esclavo + IXI"}]},{"@type":"WebSite","@id":"https:\/\/24-7chiptuningtools.com\/es#website","url":"https:\/\/24-7chiptuningtools.com\/es","name":"24-7chiptuningtools","description":"Tuning tools for almost all engines and cars","publisher":{"@id":"https:\/\/24-7chiptuningtools.com\/es#organization"},"potentialAction":[{"@type":"SearchAction","target":{"@type":"EntryPoint","urlTemplate":"https:\/\/24-7chiptuningtools.com\/es?s={search_term_string}"},"query-input":{"@type":"PropertyValueSpecification","valueRequired":true,"valueName":"search_term_string"}}],"inLanguage":"es"},{"@type":"Organization","@id":"https:\/\/24-7chiptuningtools.com\/es#organization","name":"24-7chiptuningtools","url":"https:\/\/24-7chiptuningtools.com\/es","logo":{"@type":"ImageObject","inLanguage":"es","@id":"https:\/\/24-7chiptuningtools.com\/es#\/schema\/logo\/image\/","url":"https:\/\/24-7chiptuningtools.com\/wp-content\/uploads\/2020\/10\/7_LOGO_CMYK-1.png","contentUrl":"https:\/\/24-7chiptuningtools.com\/wp-content\/uploads\/2020\/10\/7_LOGO_CMYK-1.png","width":1041,"height":469,"caption":"24-7chiptuningtools"},"image":{"@id":"https:\/\/24-7chiptuningtools.com\/es#\/schema\/logo\/image\/"}}]}},"_links":{"self":[{"href":"https:\/\/24-7chiptuningtools.com\/es\/wp-json\/wp\/v2\/product\/8149","targetHints":{"allow":["GET"]}}],"collection":[{"href":"https:\/\/24-7chiptuningtools.com\/es\/wp-json\/wp\/v2\/product"}],"about":[{"href":"https:\/\/24-7chiptuningtools.com\/es\/wp-json\/wp\/v2\/types\/product"}],"wp:featuredmedia":[{"embeddable":true,"href":"https:\/\/24-7chiptuningtools.com\/es\/wp-json\/wp\/v2\/media\/6936"}],"wp:attachment":[{"href":"https:\/\/24-7chiptuningtools.com\/es\/wp-json\/wp\/v2\/media?parent=8149"}],"wp:term":[{"taxonomy":"product_brand","embeddable":true,"href":"https:\/\/24-7chiptuningtools.com\/es\/wp-json\/wp\/v2\/product_brand?post=8149"},{"taxonomy":"product_cat","embeddable":true,"href":"https:\/\/24-7chiptuningtools.com\/es\/wp-json\/wp\/v2\/product_cat?post=8149"},{"taxonomy":"product_tag","embeddable":true,"href":"https:\/\/24-7chiptuningtools.com\/es\/wp-json\/wp\/v2\/product_tag?post=8149"}],"curies":[{"name":"wp","href":"https:\/\/api.w.org\/{rel}","templated":true}]}}