{"id":8678,"date":"2025-11-24T20:45:13","date_gmt":"2025-11-24T18:45:13","guid":{"rendered":"https:\/\/24-7chiptuningtools.com\/?post_type=product&#038;p=8678"},"modified":"2025-11-24T20:48:23","modified_gmt":"2025-11-24T18:48:23","slug":"autotuner-herramienta-esclava-copy-copy-copy-copy","status":"publish","type":"product","link":"https:\/\/24-7chiptuningtools.com\/es\/product\/autotuner-herramienta-esclava-copy-copy-copy-copy","title":{"rendered":"Autotuner Herramienta esclava (Copy) (Copy) (Copy) (Copy)"},"content":{"rendered":"<p>La popular herramienta Autotuner Slave es una herramienta de tuning de alta calidad utilizada por muchos. No requiere suscripciones y cuenta con una enorme lista de veh\u00edculos compatibles. <\/p>\n<p>Autotuner podr\u00eda <span class=\"rcolor5\" data-name=\"also be|even be\">ser incluso <\/span><span class=\"rcolor6\" data-name=\"a modern|a contemporary\">una generaci\u00f3ncontempor\u00e1nea <\/span>de herramientas de intermitencia OBD de automoci\u00f3n dise\u00f1ada para profesionales del chiptuning. Tanto si ya posees una herramienta de diagn\u00f3stico como si no, Autotuner <span class=\"rcolor2\" data-name=\"is made|is formed|is created\">est\u00e1 pensado <\/span>para ti por su calidad de dise\u00f1o <span class=\"rcolor1\" data-name=\"and straightforward|and easy|and simple\">y facilidad de <\/span>uso. Autotuner podr\u00eda <span class=\"rcolor3\" data-name=\"also be|even be\">incluso <\/span>ser una herramienta universal <span class=\"rcolor4\" data-name=\"able to|ready to|able to\">preparada para <\/span>leer informaci\u00f3n de la mayor\u00eda de ECUs y microcontroladores disponibles en el mercado en boot tricore Infineon (BSL) o a trav\u00e9s de la toma de diagn\u00f3stico OBD  <\/p>\n<p><a href=\"https:\/\/24-7chiptuningtools.com\/brand\/autotuner\">Haz clic aqu\u00ed para ver nuestra colecci\u00f3n completa de Autotuner<\/a>.<\/p>\n<p>Una de las mayores ventajas de la popular herramienta Autotuner Slave es que no requiere suscripciones. Esto significa que es casi una de las herramientas de chiptuning de gama alta m\u00e1s baratas disponibles en el mercado. Esto convierte a la herramienta Autotuner Slave en una de las m\u00e1s populares del mercado.  <\/p>\n<p>Puedes encontrar la lista completa de veh\u00edculos de la herramienta Esclavo Autotuner <a href=\"https:\/\/www.autotuner-tool.com\/en\/compatibility\">aqu\u00ed<\/a>.<\/p>\n","protected":false},"excerpt":{"rendered":"<p>La popular herramienta Autotuner Slave es una herramienta de tuning de alta calidad utilizada por muchos. No requiere suscripciones y cuenta con una enorme lista<a class=\"moretag\" href=\"https:\/\/24-7chiptuningtools.com\/es\/product\/autotuner-herramienta-esclava-copy-copy-copy-copy\"> &#8230;<\/a><\/p>\n","protected":false},"featured_media":8676,"template":"","meta":{"_acf_changed":false},"product_brand":[136],"product_cat":[90],"product_tag":[],"class_list":{"0":"post-8678","1":"product","2":"type-product","3":"status-publish","4":"has-post-thumbnail","6":"product_brand-autotuner","7":"product_cat-uncategorized","8":"product_shipping_class-sin-gastos-de-envio","10":"first","11":"instock","12":"taxable","13":"shipping-taxable","14":"product-type-simple"},"acf":[],"yoast_head":"<!-- This site is optimized with the Yoast SEO plugin v25.3.1 - https:\/\/yoast.com\/wordpress\/plugins\/seo\/ -->\n<title>La popular herramienta Autotuner Slave - 24-7chiptuningtools<\/title>\n<meta name=\"description\" content=\"La popular herramienta Autotuner Slave es una herramienta de tuning de alta calidad utilizada por muchos. No requiere suscripciones y cuenta con una enorme lista de veh\u00edculos compatibles.\" \/>\n<meta name=\"robots\" content=\"index, follow, max-snippet:-1, max-image-preview:large, max-video-preview:-1\" \/>\n<link rel=\"canonical\" href=\"https:\/\/24-7chiptuningtools.com\/es\/product\/autotuner-herramienta-esclava-copy-copy-copy-copy\" \/>\n<meta property=\"og:locale\" content=\"es_ES\" \/>\n<meta property=\"og:type\" content=\"article\" \/>\n<meta property=\"og:title\" content=\"La popular herramienta Autotuner Slave - 24-7chiptuningtools\" \/>\n<meta property=\"og:description\" content=\"La popular herramienta Autotuner Slave es una herramienta de tuning de alta calidad utilizada por muchos. No requiere suscripciones y cuenta con una enorme lista de veh\u00edculos compatibles.\" \/>\n<meta property=\"og:url\" content=\"https:\/\/24-7chiptuningtools.com\/es\/product\/autotuner-herramienta-esclava-copy-copy-copy-copy\" \/>\n<meta property=\"og:site_name\" content=\"24-7chiptuningtools\" \/>\n<meta property=\"article:modified_time\" content=\"2025-11-24T18:48:23+00:00\" \/>\n<meta property=\"og:image\" content=\"https:\/\/24-7chiptuningtools.com\/wp-content\/uploads\/2025\/11\/BMW-MDG1-1-e1764009780651.png\" \/>\n\t<meta property=\"og:image:width\" content=\"574\" \/>\n\t<meta property=\"og:image:height\" content=\"435\" \/>\n\t<meta property=\"og:image:type\" content=\"image\/png\" \/>\n<meta name=\"twitter:card\" content=\"summary_large_image\" \/>\n<meta name=\"twitter:label1\" content=\"Tiempo de lectura\" \/>\n\t<meta name=\"twitter:data1\" content=\"1 minuto\" \/>\n<script type=\"application\/ld+json\" class=\"yoast-schema-graph\">{\"@context\":\"https:\/\/schema.org\",\"@graph\":[{\"@type\":\"WebPage\",\"@id\":\"https:\/\/24-7chiptuningtools.com\/es\/product\/autotuner-herramienta-esclava-copy-copy-copy-copy\",\"url\":\"https:\/\/24-7chiptuningtools.com\/es\/product\/autotuner-herramienta-esclava-copy-copy-copy-copy\",\"name\":\"La popular herramienta Autotuner Slave - 24-7chiptuningtools\",\"isPartOf\":{\"@id\":\"https:\/\/24-7chiptuningtools.com\/es#website\"},\"primaryImageOfPage\":{\"@id\":\"https:\/\/24-7chiptuningtools.com\/es\/product\/autotuner-herramienta-esclava-copy-copy-copy-copy#primaryimage\"},\"image\":{\"@id\":\"https:\/\/24-7chiptuningtools.com\/es\/product\/autotuner-herramienta-esclava-copy-copy-copy-copy#primaryimage\"},\"thumbnailUrl\":\"https:\/\/24-7chiptuningtools.com\/wp-content\/uploads\/2025\/11\/BMW-MDG1-1-e1764009780651.png\",\"datePublished\":\"2025-11-24T18:45:13+00:00\",\"dateModified\":\"2025-11-24T18:48:23+00:00\",\"description\":\"La popular herramienta Autotuner Slave es una herramienta de tuning de alta calidad utilizada por muchos. No requiere suscripciones y cuenta con una enorme lista de veh\u00edculos compatibles.\",\"breadcrumb\":{\"@id\":\"https:\/\/24-7chiptuningtools.com\/es\/product\/autotuner-herramienta-esclava-copy-copy-copy-copy#breadcrumb\"},\"inLanguage\":\"es\",\"potentialAction\":[{\"@type\":\"ReadAction\",\"target\":[\"https:\/\/24-7chiptuningtools.com\/es\/product\/autotuner-herramienta-esclava-copy-copy-copy-copy\"]}]},{\"@type\":\"ImageObject\",\"inLanguage\":\"es\",\"@id\":\"https:\/\/24-7chiptuningtools.com\/es\/product\/autotuner-herramienta-esclava-copy-copy-copy-copy#primaryimage\",\"url\":\"https:\/\/24-7chiptuningtools.com\/wp-content\/uploads\/2025\/11\/BMW-MDG1-1-e1764009780651.png\",\"contentUrl\":\"https:\/\/24-7chiptuningtools.com\/wp-content\/uploads\/2025\/11\/BMW-MDG1-1-e1764009780651.png\",\"width\":574,\"height\":435},{\"@type\":\"BreadcrumbList\",\"@id\":\"https:\/\/24-7chiptuningtools.com\/es\/product\/autotuner-herramienta-esclava-copy-copy-copy-copy#breadcrumb\",\"itemListElement\":[{\"@type\":\"ListItem\",\"position\":1,\"name\":\"Home\",\"item\":\"https:\/\/24-7chiptuningtools.com\/es\"},{\"@type\":\"ListItem\",\"position\":2,\"name\":\"Tienda\",\"item\":\"https:\/\/24-7chiptuningtools.com\/es\/tienda\"},{\"@type\":\"ListItem\",\"position\":3,\"name\":\"Autotuner Herramienta esclava (Copy) (Copy) (Copy) (Copy)\"}]},{\"@type\":\"WebSite\",\"@id\":\"https:\/\/24-7chiptuningtools.com\/es#website\",\"url\":\"https:\/\/24-7chiptuningtools.com\/es\",\"name\":\"24-7chiptuningtools\",\"description\":\"Tuning tools for almost all engines and cars\",\"publisher\":{\"@id\":\"https:\/\/24-7chiptuningtools.com\/es#organization\"},\"potentialAction\":[{\"@type\":\"SearchAction\",\"target\":{\"@type\":\"EntryPoint\",\"urlTemplate\":\"https:\/\/24-7chiptuningtools.com\/es?s={search_term_string}\"},\"query-input\":{\"@type\":\"PropertyValueSpecification\",\"valueRequired\":true,\"valueName\":\"search_term_string\"}}],\"inLanguage\":\"es\"},{\"@type\":\"Organization\",\"@id\":\"https:\/\/24-7chiptuningtools.com\/es#organization\",\"name\":\"24-7chiptuningtools\",\"url\":\"https:\/\/24-7chiptuningtools.com\/es\",\"logo\":{\"@type\":\"ImageObject\",\"inLanguage\":\"es\",\"@id\":\"https:\/\/24-7chiptuningtools.com\/es#\/schema\/logo\/image\/\",\"url\":\"https:\/\/24-7chiptuningtools.com\/wp-content\/uploads\/2020\/10\/7_LOGO_CMYK-1.png\",\"contentUrl\":\"https:\/\/24-7chiptuningtools.com\/wp-content\/uploads\/2020\/10\/7_LOGO_CMYK-1.png\",\"width\":1041,\"height\":469,\"caption\":\"24-7chiptuningtools\"},\"image\":{\"@id\":\"https:\/\/24-7chiptuningtools.com\/es#\/schema\/logo\/image\/\"}}]}<\/script>\n<!-- \/ Yoast SEO plugin. -->","yoast_head_json":{"title":"La popular herramienta Autotuner Slave - 24-7chiptuningtools","description":"La popular herramienta Autotuner Slave es una herramienta de tuning de alta calidad utilizada por muchos. No requiere suscripciones y cuenta con una enorme lista de veh\u00edculos compatibles.","robots":{"index":"index","follow":"follow","max-snippet":"max-snippet:-1","max-image-preview":"max-image-preview:large","max-video-preview":"max-video-preview:-1"},"canonical":"https:\/\/24-7chiptuningtools.com\/es\/product\/autotuner-herramienta-esclava-copy-copy-copy-copy","og_locale":"es_ES","og_type":"article","og_title":"La popular herramienta Autotuner Slave - 24-7chiptuningtools","og_description":"La popular herramienta Autotuner Slave es una herramienta de tuning de alta calidad utilizada por muchos. No requiere suscripciones y cuenta con una enorme lista de veh\u00edculos compatibles.","og_url":"https:\/\/24-7chiptuningtools.com\/es\/product\/autotuner-herramienta-esclava-copy-copy-copy-copy","og_site_name":"24-7chiptuningtools","article_modified_time":"2025-11-24T18:48:23+00:00","og_image":[{"width":574,"height":435,"url":"https:\/\/24-7chiptuningtools.com\/wp-content\/uploads\/2025\/11\/BMW-MDG1-1-e1764009780651.png","type":"image\/png"}],"twitter_card":"summary_large_image","twitter_misc":{"Tiempo de lectura":"1 minuto"},"schema":{"@context":"https:\/\/schema.org","@graph":[{"@type":"WebPage","@id":"https:\/\/24-7chiptuningtools.com\/es\/product\/autotuner-herramienta-esclava-copy-copy-copy-copy","url":"https:\/\/24-7chiptuningtools.com\/es\/product\/autotuner-herramienta-esclava-copy-copy-copy-copy","name":"La popular herramienta Autotuner Slave - 24-7chiptuningtools","isPartOf":{"@id":"https:\/\/24-7chiptuningtools.com\/es#website"},"primaryImageOfPage":{"@id":"https:\/\/24-7chiptuningtools.com\/es\/product\/autotuner-herramienta-esclava-copy-copy-copy-copy#primaryimage"},"image":{"@id":"https:\/\/24-7chiptuningtools.com\/es\/product\/autotuner-herramienta-esclava-copy-copy-copy-copy#primaryimage"},"thumbnailUrl":"https:\/\/24-7chiptuningtools.com\/wp-content\/uploads\/2025\/11\/BMW-MDG1-1-e1764009780651.png","datePublished":"2025-11-24T18:45:13+00:00","dateModified":"2025-11-24T18:48:23+00:00","description":"La popular herramienta Autotuner Slave es una herramienta de tuning de alta calidad utilizada por muchos. No requiere suscripciones y cuenta con una enorme lista de veh\u00edculos compatibles.","breadcrumb":{"@id":"https:\/\/24-7chiptuningtools.com\/es\/product\/autotuner-herramienta-esclava-copy-copy-copy-copy#breadcrumb"},"inLanguage":"es","potentialAction":[{"@type":"ReadAction","target":["https:\/\/24-7chiptuningtools.com\/es\/product\/autotuner-herramienta-esclava-copy-copy-copy-copy"]}]},{"@type":"ImageObject","inLanguage":"es","@id":"https:\/\/24-7chiptuningtools.com\/es\/product\/autotuner-herramienta-esclava-copy-copy-copy-copy#primaryimage","url":"https:\/\/24-7chiptuningtools.com\/wp-content\/uploads\/2025\/11\/BMW-MDG1-1-e1764009780651.png","contentUrl":"https:\/\/24-7chiptuningtools.com\/wp-content\/uploads\/2025\/11\/BMW-MDG1-1-e1764009780651.png","width":574,"height":435},{"@type":"BreadcrumbList","@id":"https:\/\/24-7chiptuningtools.com\/es\/product\/autotuner-herramienta-esclava-copy-copy-copy-copy#breadcrumb","itemListElement":[{"@type":"ListItem","position":1,"name":"Home","item":"https:\/\/24-7chiptuningtools.com\/es"},{"@type":"ListItem","position":2,"name":"Tienda","item":"https:\/\/24-7chiptuningtools.com\/es\/tienda"},{"@type":"ListItem","position":3,"name":"Autotuner Herramienta esclava (Copy) (Copy) (Copy) (Copy)"}]},{"@type":"WebSite","@id":"https:\/\/24-7chiptuningtools.com\/es#website","url":"https:\/\/24-7chiptuningtools.com\/es","name":"24-7chiptuningtools","description":"Tuning tools for almost all engines and cars","publisher":{"@id":"https:\/\/24-7chiptuningtools.com\/es#organization"},"potentialAction":[{"@type":"SearchAction","target":{"@type":"EntryPoint","urlTemplate":"https:\/\/24-7chiptuningtools.com\/es?s={search_term_string}"},"query-input":{"@type":"PropertyValueSpecification","valueRequired":true,"valueName":"search_term_string"}}],"inLanguage":"es"},{"@type":"Organization","@id":"https:\/\/24-7chiptuningtools.com\/es#organization","name":"24-7chiptuningtools","url":"https:\/\/24-7chiptuningtools.com\/es","logo":{"@type":"ImageObject","inLanguage":"es","@id":"https:\/\/24-7chiptuningtools.com\/es#\/schema\/logo\/image\/","url":"https:\/\/24-7chiptuningtools.com\/wp-content\/uploads\/2020\/10\/7_LOGO_CMYK-1.png","contentUrl":"https:\/\/24-7chiptuningtools.com\/wp-content\/uploads\/2020\/10\/7_LOGO_CMYK-1.png","width":1041,"height":469,"caption":"24-7chiptuningtools"},"image":{"@id":"https:\/\/24-7chiptuningtools.com\/es#\/schema\/logo\/image\/"}}]}},"_links":{"self":[{"href":"https:\/\/24-7chiptuningtools.com\/es\/wp-json\/wp\/v2\/product\/8678","targetHints":{"allow":["GET"]}}],"collection":[{"href":"https:\/\/24-7chiptuningtools.com\/es\/wp-json\/wp\/v2\/product"}],"about":[{"href":"https:\/\/24-7chiptuningtools.com\/es\/wp-json\/wp\/v2\/types\/product"}],"wp:featuredmedia":[{"embeddable":true,"href":"https:\/\/24-7chiptuningtools.com\/es\/wp-json\/wp\/v2\/media\/8676"}],"wp:attachment":[{"href":"https:\/\/24-7chiptuningtools.com\/es\/wp-json\/wp\/v2\/media?parent=8678"}],"wp:term":[{"taxonomy":"product_brand","embeddable":true,"href":"https:\/\/24-7chiptuningtools.com\/es\/wp-json\/wp\/v2\/product_brand?post=8678"},{"taxonomy":"product_cat","embeddable":true,"href":"https:\/\/24-7chiptuningtools.com\/es\/wp-json\/wp\/v2\/product_cat?post=8678"},{"taxonomy":"product_tag","embeddable":true,"href":"https:\/\/24-7chiptuningtools.com\/es\/wp-json\/wp\/v2\/product_tag?post=8678"}],"curies":[{"name":"wp","href":"https:\/\/api.w.org\/{rel}","templated":true}]}}